{"id":1619,"date":"2022-05-12T11:36:13","date_gmt":"2022-05-12T09:36:13","guid":{"rendered":"https:\/\/clients.webkrea.be\/kiwanis\/?page_id=1619"},"modified":"2024-02-08T12:21:43","modified_gmt":"2024-02-08T11:21:43","slug":"over-ons","status":"publish","type":"page","link":"https:\/\/kiwanisbelux.net\/nl\/over-ons\/","title":{"rendered":"Over ons"},"content":{"rendered":"<p>[et_pb_section fb_built=&#8221;1&#8243; admin_label=&#8221;section&#8221; _builder_version=&#8221;4.17.6&#8243; global_colors_info=&#8221;{}&#8221;][et_pb_row column_structure=&#8221;1_2,1_2&#8243; admin_label=&#8221;row&#8221; _builder_version=&#8221;4.17.6&#8243; background_size=&#8221;initial&#8221; background_position=&#8221;top_left&#8221; background_repeat=&#8221;repeat&#8221; global_colors_info=&#8221;{}&#8221;][et_pb_column type=&#8221;1_2&#8243; _builder_version=&#8221;4.16&#8243; custom_padding=&#8221;|||&#8221; global_colors_info=&#8221;{}&#8221; custom_padding__hover=&#8221;|||&#8221;][et_pb_image src=&#8221;https:\/\/dev.kiwanisbelux.net\/wp-content\/uploads\/2022\/10\/ej-agumbay-XjeaxxcT0ug-unsplash.jpg&#8221; title_text=&#8221;ej-agumbay-XjeaxxcT0ug-unsplash&#8221; _builder_version=&#8221;4.18.0&#8243; _module_preset=&#8221;default&#8221; global_colors_info=&#8221;{}&#8221;][\/et_pb_image][\/et_pb_column][et_pb_column type=&#8221;1_2&#8243; _builder_version=&#8221;4.16&#8243; custom_padding=&#8221;|||&#8221; global_colors_info=&#8221;{}&#8221; custom_padding__hover=&#8221;|||&#8221;][et_pb_text admin_label=&#8221;Text&#8221; _builder_version=&#8221;4.18.0&#8243; background_size=&#8221;initial&#8221; background_position=&#8221;top_left&#8221; background_repeat=&#8221;repeat&#8221; global_colors_info=&#8221;{}&#8221;]<\/p>\n<h3>KIWANIS IS EEN WERELDWIJDE ORGANISATIE VAN VRIJWILLIGERS<\/h3>\n<p>Kiwanis is een wereldwijde organisatie van vrijwilligers die zich wijden aan het verbeteren van onze wereld, kind per kind en gemeenschap per gemeenschap.<\/p>\n<p>La devise de Kiwanis est de \u201cservir les enfants du monde\u201d.<\/p>\n<p>De Kiwanis vrijwilligers dragen op vele manieren bij tot het welzijn en de ontwikkeling van kinderen.<\/p>\n<p>[\/et_pb_text][\/et_pb_column][\/et_pb_row][\/et_pb_section][et_pb_section fb_built=&#8221;1&#8243; admin_label=&#8221;section&#8221; _builder_version=&#8221;4.17.6&#8243; background_color=&#8221;#B49759&#8243; global_colors_info=&#8221;{}&#8221;][et_pb_row column_structure=&#8221;1_2,1_2&#8243; admin_label=&#8221;row&#8221; _builder_version=&#8221;4.18.0&#8243; global_colors_info=&#8221;{}&#8221;][et_pb_column type=&#8221;1_2&#8243; _builder_version=&#8221;4.16&#8243; custom_padding=&#8221;|||&#8221; global_colors_info=&#8221;{}&#8221; custom_padding__hover=&#8221;|||&#8221;][et_pb_text admin_label=&#8221;Text&#8221; _builder_version=&#8221;4.18.0&#8243; text_text_color=&#8221;#FFFFFF&#8221; header_text_color=&#8221;#FFFFFF&#8221; header_2_text_color=&#8221;#FFFFFF&#8221; background_size=&#8221;initial&#8221; background_position=&#8221;top_left&#8221; background_repeat=&#8221;repeat&#8221; global_colors_info=&#8221;{}&#8221;]<\/p>\n<h2>De zes doelstellingen van Kiwanis<\/h2>\n<ol>\n<li>om menselijke en spirituele waarden boven materi\u00eble waarden te plaatsen.<\/li>\n<li>Pas in het dagelijks leven de gouden regel toe: &#8220;Behandel anderen zoals je zelf behandeld wilt worden&#8221;.<\/li>\n<li>Werk positief aan de kansen die op je pad komen.<\/li>\n<li>Laat zien wie je bent door bewust, actief en effectief deel te nemen aan projecten die kunnen bijdragen aan een betere samenleving.<\/li>\n<li>Duurzame en waardevolle vriendschappen opbouwen door regelmatige bezoeken aan de Kiwanis Club.<\/li>\n<li>Rechtvaardigheid en billijkheid bevorderen.<\/li>\n<\/ol>\n<p>[\/et_pb_text][\/et_pb_column][et_pb_column type=&#8221;1_2&#8243; _builder_version=&#8221;4.16&#8243; custom_padding=&#8221;|||&#8221; global_colors_info=&#8221;{}&#8221; custom_padding__hover=&#8221;|||&#8221;][et_pb_image src=&#8221;https:\/\/dev.kiwanisbelux.net\/wp-content\/uploads\/2021\/04\/k-s50-chim-47565654-l.jpg&#8221; title_text=&#8221;k-s50-chim-47565654-l&#8221; _builder_version=&#8221;4.17.6&#8243; _module_preset=&#8221;default&#8221; global_colors_info=&#8221;{}&#8221;][\/et_pb_image][\/et_pb_column][\/et_pb_row][\/et_pb_section][et_pb_section fb_built=&#8221;1&#8243; admin_label=&#8221;section&#8221; _builder_version=&#8221;4.17.6&#8243; global_colors_info=&#8221;{}&#8221;][et_pb_row column_structure=&#8221;1_2,1_2&#8243; admin_label=&#8221;row&#8221; _builder_version=&#8221;4.17.6&#8243; background_size=&#8221;initial&#8221; background_position=&#8221;top_left&#8221; background_repeat=&#8221;repeat&#8221; global_colors_info=&#8221;{}&#8221;][et_pb_column type=&#8221;1_2&#8243; _builder_version=&#8221;4.16&#8243; custom_padding=&#8221;|||&#8221; global_colors_info=&#8221;{}&#8221; custom_padding__hover=&#8221;|||&#8221;][et_pb_image src=&#8221;https:\/\/dev.kiwanisbelux.net\/wp-content\/uploads\/2021\/04\/k-s47-chim-3404.jpg&#8221; title_text=&#8221;k-s47-chim-3404&#8243; _builder_version=&#8221;4.17.6&#8243; _module_preset=&#8221;default&#8221; global_colors_info=&#8221;{}&#8221;][\/et_pb_image][\/et_pb_column][et_pb_column type=&#8221;1_2&#8243; _builder_version=&#8221;4.16&#8243; custom_padding=&#8221;|||&#8221; global_colors_info=&#8221;{}&#8221; custom_padding__hover=&#8221;|||&#8221;][et_pb_text admin_label=&#8221;Text&#8221; _builder_version=&#8221;4.18.0&#8243; background_size=&#8221;initial&#8221; background_position=&#8221;top_left&#8221; background_repeat=&#8221;repeat&#8221; global_colors_info=&#8221;{}&#8221;]<\/p>\n<h2>Kiwanisclubs in Belgi\u00eb en Luxemburg<\/h2>\n<p>Kiwanis Belgi\u00eb-Luxemburg is georganiseerd in lokale clubs en netwerken. De eerste Kiwanis serviceclub in Belgi\u00eb werd opgericht in 1963. Momenteel telt Kiwanis Belgi\u00eb bijna 4200 leden in 201 clubs.<\/p>\n<p>Kiwanis Belgi\u00eb-Luxemburg maakt deel uit van Kiwanis International, dat zijn wortels heeft in Amerika. Kiwanis heeft geen leeftijds- of beroepsbeperkingen.<\/p>\n<p>De Kiwanis-mentaliteit: mouwen opstropen<\/p>\n<p>Op basis van wederzijds respect en vriendschap zetten mannen en vrouwen zich in voor de minder bedeelden in onze samenleving (lokaal of wereldwijd). Samen stellen ze doelen en zamelen ze het benodigde geld in door allerlei evenementen te organiseren. Daden, geen woorden, zijn een van de kenmerken van Kiwanisclubleden.<\/p>\n<p>[\/et_pb_text][\/et_pb_column][\/et_pb_row][\/et_pb_section]<\/p>\n","protected":false},"excerpt":{"rendered":"<p>KIWANIS IS EEN WERELDWIJDE ORGANISATIE VAN VRIJWILLIGERS Kiwanis is een wereldwijde organisatie van vrijwilligers die zich wijden aan het verbeteren van onze wereld, kind per kind en gemeenschap per gemeenschap. [&hellip;]<\/p>\n","protected":false},"author":1,"featured_media":3070,"parent":0,"menu_order":17,"comment_status":"closed","ping_status":"closed","template":"","meta":{"_et_pb_use_builder":"on","_et_pb_old_content":"","_et_gb_content_width":"","iawp_total_views":1,"footnotes":""},"class_list":["post-1619","page","type-page","status-publish","has-post-thumbnail","hentry"],"yoast_head":"<!-- This site is optimized with the Yoast SEO plugin v27.3 - https:\/\/yoast.com\/product\/yoast-seo-wordpress\/ -->\n<title>Over ons - Kiwanis<\/title>\n<meta name=\"robots\" content=\"noindex, follow, max-snippet:-1, max-image-preview:large, max-video-preview:-1\" \/>\n<meta property=\"og:locale\" content=\"nl_NL\" \/>\n<meta property=\"og:type\" content=\"article\" \/>\n<meta property=\"og:title\" content=\"Over ons - Kiwanis\" \/>\n<meta property=\"og:description\" content=\"KIWANIS IS EEN WERELDWIJDE ORGANISATIE VAN VRIJWILLIGERS Kiwanis is een wereldwijde organisatie van vrijwilligers die zich wijden aan het verbeteren van onze wereld, kind per kind en gemeenschap per gemeenschap. [&hellip;]\" \/>\n<meta property=\"og:url\" content=\"https:\/\/kiwanisbelux.net\/nl\/over-ons\/\" \/>\n<meta property=\"og:site_name\" content=\"Kiwanis\" \/>\n<meta property=\"article:modified_time\" content=\"2024-02-08T11:21:43+00:00\" \/>\n<meta property=\"og:image\" content=\"https:\/\/kiwanisbelux.net\/wp-content\/uploads\/2022\/10\/paula-berto-7nABldSGoI-unsplash.jpg\" \/>\n\t<meta property=\"og:image:width\" content=\"1701\" \/>\n\t<meta property=\"og:image:height\" content=\"860\" \/>\n\t<meta property=\"og:image:type\" content=\"image\/jpeg\" \/>\n<meta name=\"twitter:card\" content=\"summary_large_image\" \/>\n<meta name=\"twitter:label1\" content=\"Geschatte leestijd\" \/>\n\t<meta name=\"twitter:data1\" content=\"2 minuten\" \/>\n<script type=\"application\/ld+json\" class=\"yoast-schema-graph\">{\"@context\":\"https:\\\/\\\/schema.org\",\"@graph\":[{\"@type\":\"WebPage\",\"@id\":\"https:\\\/\\\/kiwanisbelux.net\\\/nl\\\/over-ons\\\/\",\"url\":\"https:\\\/\\\/kiwanisbelux.net\\\/nl\\\/over-ons\\\/\",\"name\":\"Over ons - Kiwanis\",\"isPartOf\":{\"@id\":\"https:\\\/\\\/kiwanisbelux.net\\\/nl\\\/#website\"},\"primaryImageOfPage\":{\"@id\":\"https:\\\/\\\/kiwanisbelux.net\\\/nl\\\/over-ons\\\/#primaryimage\"},\"image\":{\"@id\":\"https:\\\/\\\/kiwanisbelux.net\\\/nl\\\/over-ons\\\/#primaryimage\"},\"thumbnailUrl\":\"https:\\\/\\\/kiwanisbelux.net\\\/wp-content\\\/uploads\\\/2022\\\/10\\\/paula-berto-7nABldSGoI-unsplash.jpg\",\"datePublished\":\"2022-05-12T09:36:13+00:00\",\"dateModified\":\"2024-02-08T11:21:43+00:00\",\"breadcrumb\":{\"@id\":\"https:\\\/\\\/kiwanisbelux.net\\\/nl\\\/over-ons\\\/#breadcrumb\"},\"inLanguage\":\"nl-NL\",\"potentialAction\":[{\"@type\":\"ReadAction\",\"target\":[\"https:\\\/\\\/kiwanisbelux.net\\\/nl\\\/over-ons\\\/\"]}]},{\"@type\":\"ImageObject\",\"inLanguage\":\"nl-NL\",\"@id\":\"https:\\\/\\\/kiwanisbelux.net\\\/nl\\\/over-ons\\\/#primaryimage\",\"url\":\"https:\\\/\\\/kiwanisbelux.net\\\/wp-content\\\/uploads\\\/2022\\\/10\\\/paula-berto-7nABldSGoI-unsplash.jpg\",\"contentUrl\":\"https:\\\/\\\/kiwanisbelux.net\\\/wp-content\\\/uploads\\\/2022\\\/10\\\/paula-berto-7nABldSGoI-unsplash.jpg\",\"width\":1701,\"height\":860},{\"@type\":\"BreadcrumbList\",\"@id\":\"https:\\\/\\\/kiwanisbelux.net\\\/nl\\\/over-ons\\\/#breadcrumb\",\"itemListElement\":[{\"@type\":\"ListItem\",\"position\":1,\"name\":\"Home\",\"item\":\"https:\\\/\\\/kiwanisbelux.net\\\/nl\\\/\"},{\"@type\":\"ListItem\",\"position\":2,\"name\":\"Over ons\"}]},{\"@type\":\"WebSite\",\"@id\":\"https:\\\/\\\/kiwanisbelux.net\\\/nl\\\/#website\",\"url\":\"https:\\\/\\\/kiwanisbelux.net\\\/nl\\\/\",\"name\":\"Kiwanis\",\"description\":\"Serving the Children of the World\",\"publisher\":{\"@id\":\"https:\\\/\\\/kiwanisbelux.net\\\/nl\\\/#organization\"},\"potentialAction\":[{\"@type\":\"SearchAction\",\"target\":{\"@type\":\"EntryPoint\",\"urlTemplate\":\"https:\\\/\\\/kiwanisbelux.net\\\/nl\\\/?s={search_term_string}\"},\"query-input\":{\"@type\":\"PropertyValueSpecification\",\"valueRequired\":true,\"valueName\":\"search_term_string\"}}],\"inLanguage\":\"nl-NL\"},{\"@type\":\"Organization\",\"@id\":\"https:\\\/\\\/kiwanisbelux.net\\\/nl\\\/#organization\",\"name\":\"Kiwanis\",\"url\":\"https:\\\/\\\/kiwanisbelux.net\\\/nl\\\/\",\"logo\":{\"@type\":\"ImageObject\",\"inLanguage\":\"nl-NL\",\"@id\":\"https:\\\/\\\/kiwanisbelux.net\\\/nl\\\/#\\\/schema\\\/logo\\\/image\\\/\",\"url\":\"https:\\\/\\\/dev.kiwanisbelux.net\\\/wp-content\\\/uploads\\\/2021\\\/04\\\/kiwanis-logo@2x.png\",\"contentUrl\":\"https:\\\/\\\/dev.kiwanisbelux.net\\\/wp-content\\\/uploads\\\/2021\\\/04\\\/kiwanis-logo@2x.png\",\"width\":555,\"height\":100,\"caption\":\"Kiwanis\"},\"image\":{\"@id\":\"https:\\\/\\\/kiwanisbelux.net\\\/nl\\\/#\\\/schema\\\/logo\\\/image\\\/\"}}]}<\/script>\n<!-- \/ Yoast SEO plugin. -->","yoast_head_json":{"title":"Over ons - Kiwanis","robots":{"index":"noindex","follow":"follow","max-snippet":"max-snippet:-1","max-image-preview":"max-image-preview:large","max-video-preview":"max-video-preview:-1"},"og_locale":"nl_NL","og_type":"article","og_title":"Over ons - Kiwanis","og_description":"KIWANIS IS EEN WERELDWIJDE ORGANISATIE VAN VRIJWILLIGERS Kiwanis is een wereldwijde organisatie van vrijwilligers die zich wijden aan het verbeteren van onze wereld, kind per kind en gemeenschap per gemeenschap. [&hellip;]","og_url":"https:\/\/kiwanisbelux.net\/nl\/over-ons\/","og_site_name":"Kiwanis","article_modified_time":"2024-02-08T11:21:43+00:00","og_image":[{"width":1701,"height":860,"url":"https:\/\/kiwanisbelux.net\/wp-content\/uploads\/2022\/10\/paula-berto-7nABldSGoI-unsplash.jpg","type":"image\/jpeg"}],"twitter_card":"summary_large_image","twitter_misc":{"Geschatte leestijd":"2 minuten"},"schema":{"@context":"https:\/\/schema.org","@graph":[{"@type":"WebPage","@id":"https:\/\/kiwanisbelux.net\/nl\/over-ons\/","url":"https:\/\/kiwanisbelux.net\/nl\/over-ons\/","name":"Over ons - Kiwanis","isPartOf":{"@id":"https:\/\/kiwanisbelux.net\/nl\/#website"},"primaryImageOfPage":{"@id":"https:\/\/kiwanisbelux.net\/nl\/over-ons\/#primaryimage"},"image":{"@id":"https:\/\/kiwanisbelux.net\/nl\/over-ons\/#primaryimage"},"thumbnailUrl":"https:\/\/kiwanisbelux.net\/wp-content\/uploads\/2022\/10\/paula-berto-7nABldSGoI-unsplash.jpg","datePublished":"2022-05-12T09:36:13+00:00","dateModified":"2024-02-08T11:21:43+00:00","breadcrumb":{"@id":"https:\/\/kiwanisbelux.net\/nl\/over-ons\/#breadcrumb"},"inLanguage":"nl-NL","potentialAction":[{"@type":"ReadAction","target":["https:\/\/kiwanisbelux.net\/nl\/over-ons\/"]}]},{"@type":"ImageObject","inLanguage":"nl-NL","@id":"https:\/\/kiwanisbelux.net\/nl\/over-ons\/#primaryimage","url":"https:\/\/kiwanisbelux.net\/wp-content\/uploads\/2022\/10\/paula-berto-7nABldSGoI-unsplash.jpg","contentUrl":"https:\/\/kiwanisbelux.net\/wp-content\/uploads\/2022\/10\/paula-berto-7nABldSGoI-unsplash.jpg","width":1701,"height":860},{"@type":"BreadcrumbList","@id":"https:\/\/kiwanisbelux.net\/nl\/over-ons\/#breadcrumb","itemListElement":[{"@type":"ListItem","position":1,"name":"Home","item":"https:\/\/kiwanisbelux.net\/nl\/"},{"@type":"ListItem","position":2,"name":"Over ons"}]},{"@type":"WebSite","@id":"https:\/\/kiwanisbelux.net\/nl\/#website","url":"https:\/\/kiwanisbelux.net\/nl\/","name":"Kiwanis","description":"Serving the Children of the World","publisher":{"@id":"https:\/\/kiwanisbelux.net\/nl\/#organization"},"potentialAction":[{"@type":"SearchAction","target":{"@type":"EntryPoint","urlTemplate":"https:\/\/kiwanisbelux.net\/nl\/?s={search_term_string}"},"query-input":{"@type":"PropertyValueSpecification","valueRequired":true,"valueName":"search_term_string"}}],"inLanguage":"nl-NL"},{"@type":"Organization","@id":"https:\/\/kiwanisbelux.net\/nl\/#organization","name":"Kiwanis","url":"https:\/\/kiwanisbelux.net\/nl\/","logo":{"@type":"ImageObject","inLanguage":"nl-NL","@id":"https:\/\/kiwanisbelux.net\/nl\/#\/schema\/logo\/image\/","url":"https:\/\/dev.kiwanisbelux.net\/wp-content\/uploads\/2021\/04\/kiwanis-logo@2x.png","contentUrl":"https:\/\/dev.kiwanisbelux.net\/wp-content\/uploads\/2021\/04\/kiwanis-logo@2x.png","width":555,"height":100,"caption":"Kiwanis"},"image":{"@id":"https:\/\/kiwanisbelux.net\/nl\/#\/schema\/logo\/image\/"}}]}},"_links":{"self":[{"href":"https:\/\/kiwanisbelux.net\/nl\/wp-json\/wp\/v2\/pages\/1619","targetHints":{"allow":["GET"]}}],"collection":[{"href":"https:\/\/kiwanisbelux.net\/nl\/wp-json\/wp\/v2\/pages"}],"about":[{"href":"https:\/\/kiwanisbelux.net\/nl\/wp-json\/wp\/v2\/types\/page"}],"author":[{"embeddable":true,"href":"https:\/\/kiwanisbelux.net\/nl\/wp-json\/wp\/v2\/users\/1"}],"replies":[{"embeddable":true,"href":"https:\/\/kiwanisbelux.net\/nl\/wp-json\/wp\/v2\/comments?post=1619"}],"version-history":[{"count":1,"href":"https:\/\/kiwanisbelux.net\/nl\/wp-json\/wp\/v2\/pages\/1619\/revisions"}],"predecessor-version":[{"id":3629,"href":"https:\/\/kiwanisbelux.net\/nl\/wp-json\/wp\/v2\/pages\/1619\/revisions\/3629"}],"wp:featuredmedia":[{"embeddable":true,"href":"https:\/\/kiwanisbelux.net\/nl\/wp-json\/wp\/v2\/media\/3070"}],"wp:attachment":[{"href":"https:\/\/kiwanisbelux.net\/nl\/wp-json\/wp\/v2\/media?parent=1619"}],"curies":[{"name":"wp","href":"https:\/\/api.w.org\/{rel}","templated":true}]}}